{"id":20,"date":"2025-11-05T10:24:18","date_gmt":"2025-11-05T09:24:18","guid":{"rendered":"https:\/\/alexianeaudemars.com\/?page_id=20"},"modified":"2026-01-18T20:05:40","modified_gmt":"2026-01-18T19:05:40","slug":"contact","status":"publish","type":"page","link":"https:\/\/alexianeaudemars.com\/index.php\/contact\/","title":{"rendered":"Contact"},"content":{"rendered":"\n<div class=\"wp-block-cover alignfull\" style=\"padding-top:2%;min-height:30rem;aspect-ratio:unset;\"><img loading=\"lazy\" decoding=\"async\" width=\"1024\" height=\"682\" class=\"wp-block-cover__image-background wp-image-86 size-large\" alt=\"\" src=\"https:\/\/alexianeaudemars.com\/wp-content\/uploads\/2025\/11\/pexels-mccutcheon-1148998-1-1024x682.jpg\" data-object-fit=\"cover\" srcset=\"https:\/\/alexianeaudemars.com\/wp-content\/uploads\/2025\/11\/pexels-mccutcheon-1148998-1-1024x682.jpg 1024w, https:\/\/alexianeaudemars.com\/wp-content\/uploads\/2025\/11\/pexels-mccutcheon-1148998-1-300x200.jpg 300w, https:\/\/alexianeaudemars.com\/wp-content\/uploads\/2025\/11\/pexels-mccutcheon-1148998-1-768x512.jpg 768w, https:\/\/alexianeaudemars.com\/wp-content\/uploads\/2025\/11\/pexels-mccutcheon-1148998-1.jpg 1280w\" sizes=\"auto, (max-width: 1024px) 100vw, 1024px\" \/><span aria-hidden=\"true\" class=\"wp-block-cover__background has-background-dim-30 has-background-dim\" style=\"background-color:#4a0a0a\"><\/span><div class=\"wp-block-cover__inner-container has-global-padding is-layout-constrained wp-container-core-cover-is-layout-ee51f2d2 wp-block-cover-is-layout-constrained\">\n<div class=\"wp-block-group alignwide is-vertical is-content-justification-center is-layout-flex wp-container-core-group-is-layout-5e763914 wp-block-group-is-layout-flex\" style=\"min-height:8rem\">\n<div class=\"wp-block-group has-global-padding is-layout-constrained wp-container-core-group-is-layout-bea02a06 wp-block-group-is-layout-constrained\">\n<h2 class=\"wp-block-heading has-text-align-center has-text-color\" style=\"color:#ffffff;margin-top:0rem;margin-bottom:1.01rem;font-size:clamp(2.071rem, 2.071rem + ((1vw - 0.2rem) * 2.98), 3.71rem);font-style:normal;font-weight:400;line-height:1;text-transform:capitalize\">Contacte- moi<\/h2>\n<\/div>\n<\/div>\n<\/div><\/div>\n\n\n\n<section class=\"wp-block-group alignfull has-text-color has-global-padding is-layout-constrained wp-container-core-group-is-layout-4252d6ba wp-block-group-is-layout-constrained\" style=\"color:#03081e;margin-top:0px;padding-top:6.51rem;padding-right:1rem;padding-bottom:5.5rem;padding-left:1rem;font-size:clamp(0.875rem, 0.875rem + ((1vw - 0.2rem) * 0.464), 1.13rem);font-style:normal;font-weight:400;line-height:1.4\">\n<div class=\"wp-block-group alignfull has-text-color has-global-padding is-layout-constrained wp-container-core-group-is-layout-9f6dfefa wp-block-group-is-layout-constrained\" style=\"color:#252525;margin-top:0px;padding-top:0rem;padding-right:1rem;padding-bottom:0rem;padding-left:1rem;font-size:clamp(0.875rem, 0.875rem + ((1vw - 0.2rem) * 0.464), 1.13rem);font-style:normal;font-weight:400;line-height:1.4\">\n<div class=\"wp-block-group alignwide has-global-padding is-layout-constrained wp-block-group-is-layout-constrained\">\n<div class=\"wp-block-group has-global-padding is-layout-constrained wp-block-group-is-layout-constrained\">\n<h2 class=\"wp-block-heading has-text-align-center has-text-color\" style=\"color:#07277c;margin-bottom:0.51rem;font-size:clamp(1.307rem, 1.307rem + ((1vw - 0.2rem) * 1.46), 2.11rem);font-style:normal;font-weight:500;line-height:1.2\">Formulaire de contact<\/h2>\n\n\n\n<p class=\"has-text-align-center has-text-color\" style=\"color:#575763;margin-top:0rem;font-size:clamp(0.875rem, 0.875rem + ((1vw - 0.2rem) * 0.064), 0.91rem);font-style:normal;font-weight:400;line-height:1.5\">Notre aventure commence ici ! Contacte-moi et ensemble, faisons la diff\u00e9rence.<\/p>\n\n\n<style id=\"wpforms-css-vars-167-block-15e41f3c-1455-4730-a4dc-f0255477cab8\">\n\t\t\t\t#wpforms-167.wpforms-block-15e41f3c-1455-4730-a4dc-f0255477cab8 {\n\t\t\t\t--wpforms-field-size-input-height: 43px;\n--wpforms-field-size-input-spacing: 15px;\n--wpforms-field-size-font-size: 16px;\n--wpforms-field-size-line-height: 19px;\n--wpforms-field-size-padding-h: 14px;\n--wpforms-field-size-checkbox-size: 16px;\n--wpforms-field-size-sublabel-spacing: 5px;\n--wpforms-field-size-icon-size: 1;\n--wpforms-label-size-font-size: 16px;\n--wpforms-label-size-line-height: 19px;\n--wpforms-label-size-sublabel-font-size: 14px;\n--wpforms-label-size-sublabel-line-height: 17px;\n--wpforms-button-size-font-size: 17px;\n--wpforms-button-size-height: 41px;\n--wpforms-button-size-padding-h: 15px;\n--wpforms-button-size-margin-top: 10px;\n\t\t\t}\n\t\t\t<\/style><div class=\"wpforms-container wpforms-container-full wpforms-block wpforms-block-15e41f3c-1455-4730-a4dc-f0255477cab8 wpforms-render-modern\" id=\"wpforms-167\"><form id=\"wpforms-form-167\" class=\"wpforms-validate wpforms-form wpforms-ajax-form\" data-formid=\"167\" method=\"post\" enctype=\"multipart\/form-data\" action=\"\/index.php\/wp-json\/wp\/v2\/pages\/20\" data-token=\"ad6e85b3436f23786961a5b14f58131c\" data-token-time=\"1776435731\"><noscript class=\"wpforms-error-noscript\">Veuillez activer JavaScript dans votre navigateur pour remplir ce formulaire.<\/noscript><div id=\"wpforms-error-noscript\" style=\"display: none;\">Veuillez activer JavaScript dans votre navigateur pour remplir ce formulaire.<\/div><div class=\"wpforms-field-container\"><div id=\"wpforms-167-field_1-container\" class=\"wpforms-field wpforms-field-name\" data-field-id=\"1\"><label class=\"wpforms-field-label\" for=\"wpforms-167-field_1\">Nom <span class=\"wpforms-required-label\" aria-hidden=\"true\">*<\/span><\/label><input type=\"text\" id=\"wpforms-167-field_1\" class=\"wpforms-field-large wpforms-field-required\" name=\"wpforms[fields][1]\" aria-errormessage=\"wpforms-167-field_1-error\" required><\/div>\t\t<div id=\"wpforms-167-field_5-container\"\n\t\t\tclass=\"wpforms-field wpforms-field-text\"\n\t\t\tdata-field-type=\"text\"\n\t\t\tdata-field-id=\"5\"\n\t\t\t>\n\t\t\t<label class=\"wpforms-field-label\" for=\"wpforms-167-field_5\" >E-mail besoins Vos<\/label>\n\t\t\t<input type=\"text\" id=\"wpforms-167-field_5\" class=\"wpforms-field-medium\" name=\"wpforms[fields][5]\" >\n\t\t<\/div>\n\t\t<div id=\"wpforms-167-field_2-container\" class=\"wpforms-field wpforms-field-email\" data-field-id=\"2\"><label class=\"wpforms-field-label\" for=\"wpforms-167-field_2\">E-mail <span class=\"wpforms-required-label\" aria-hidden=\"true\">*<\/span><\/label><input type=\"email\" id=\"wpforms-167-field_2\" class=\"wpforms-field-large wpforms-field-required\" name=\"wpforms[fields][2]\" spellcheck=\"false\" aria-errormessage=\"wpforms-167-field_2-error\" required><\/div><div id=\"wpforms-167-field_4-container\" class=\"wpforms-field wpforms-field-radio\" data-field-id=\"4\"><fieldset><legend class=\"wpforms-field-label\">Vos besoins<\/legend><ul id=\"wpforms-167-field_4\"><li class=\"choice-1 depth-1\"><input type=\"radio\" id=\"wpforms-167-field_4_1\" name=\"wpforms[fields][4]\" value=\"Garde d&#039;enfant\" aria-errormessage=\"wpforms-167-field_4_1-error\"  ><label class=\"wpforms-field-label-inline\" for=\"wpforms-167-field_4_1\">Garde d&rsquo;enfant<\/label><\/li><li class=\"choice-5 depth-1\"><input type=\"radio\" id=\"wpforms-167-field_4_5\" name=\"wpforms[fields][4]\" value=\"Soutien scolaire\" aria-errormessage=\"wpforms-167-field_4_5-error\"  ><label class=\"wpforms-field-label-inline\" for=\"wpforms-167-field_4_5\">Soutien scolaire<\/label><\/li><li class=\"choice-3 depth-1\"><input type=\"radio\" id=\"wpforms-167-field_4_3\" name=\"wpforms[fields][4]\" value=\"Coaching 1:1\" aria-errormessage=\"wpforms-167-field_4_3-error\"  ><label class=\"wpforms-field-label-inline\" for=\"wpforms-167-field_4_3\">Coaching 1:1<\/label><\/li><li class=\"choice-2 depth-1\"><input type=\"radio\" id=\"wpforms-167-field_4_2\" name=\"wpforms[fields][4]\" value=\"Caf\u00e9-rencontre\" aria-errormessage=\"wpforms-167-field_4_2-error\"  ><label class=\"wpforms-field-label-inline\" for=\"wpforms-167-field_4_2\">Caf\u00e9-rencontre<\/label><\/li><li class=\"choice-4 depth-1\"><input type=\"radio\" id=\"wpforms-167-field_4_4\" name=\"wpforms[fields][4]\" value=\"Autres\" aria-errormessage=\"wpforms-167-field_4_4-error\"  ><label class=\"wpforms-field-label-inline\" for=\"wpforms-167-field_4_4\">Autres<\/label><\/li><\/ul><\/fieldset><\/div><div id=\"wpforms-167-field_3-container\" class=\"wpforms-field wpforms-field-textarea\" data-field-id=\"3\"><label class=\"wpforms-field-label\" for=\"wpforms-167-field_3\">Commentaire ou message<\/label><textarea id=\"wpforms-167-field_3\" class=\"wpforms-field-medium\" name=\"wpforms[fields][3]\" aria-errormessage=\"wpforms-167-field_3-error\" ><\/textarea><\/div><script>\n\t\t\t\t( function() {\n\t\t\t\t\tconst style = document.createElement( 'style' );\n\t\t\t\t\tstyle.appendChild( document.createTextNode( '#wpforms-167-field_5-container { position: absolute !important; overflow: hidden !important; display: inline !important; height: 1px !important; width: 1px !important; z-index: -1000 !important; padding: 0 !important; } #wpforms-167-field_5-container input { visibility: hidden; } #wpforms-conversational-form-page #wpforms-167-field_5-container label { counter-increment: none; }' ) );\n\t\t\t\t\tdocument.head.appendChild( style );\n\t\t\t\t\tdocument.currentScript?.remove();\n\t\t\t\t} )();\n\t\t\t<\/script><\/div><!-- .wpforms-field-container --><div class=\"wpforms-submit-container\" ><input type=\"hidden\" name=\"wpforms[id]\" value=\"167\"><input type=\"hidden\" name=\"page_title\" value=\"\"><input type=\"hidden\" name=\"page_url\" value=\"https:\/\/alexianeaudemars.com\/index.php\/wp-json\/wp\/v2\/pages\/20\"><input type=\"hidden\" name=\"url_referer\" value=\"\"><button type=\"submit\" name=\"wpforms[submit]\" id=\"wpforms-submit-167\" class=\"wpforms-submit\" data-alt-text=\"Envoi...\" data-submit-text=\"Envoyer\" aria-live=\"assertive\" value=\"wpforms-submit\">Envoyer<\/button><img loading=\"lazy\" decoding=\"async\" src=\"https:\/\/alexianeaudemars.com\/wp-content\/plugins\/wpforms-lite\/assets\/images\/submit-spin.svg\" class=\"wpforms-submit-spinner\" style=\"display: none;\" width=\"26\" height=\"26\" alt=\"Chargement en cours\"><\/div><\/form><\/div>  <!-- .wpforms-container --><\/div>\n<\/div>\n<\/div>\n<\/section>\n\n\n\n<div class=\"wp-block-cover alignfull\" style=\"padding-top:2%;min-height:30rem;aspect-ratio:unset;\"><img loading=\"lazy\" decoding=\"async\" width=\"1024\" height=\"576\" class=\"wp-block-cover__image-background wp-image-246 size-large\" alt=\"\" src=\"https:\/\/alexianeaudemars.com\/wp-content\/uploads\/2026\/01\/flower-2562079_1920-1-1024x576.jpg\" data-object-fit=\"cover\" srcset=\"https:\/\/alexianeaudemars.com\/wp-content\/uploads\/2026\/01\/flower-2562079_1920-1-1024x576.jpg 1024w, https:\/\/alexianeaudemars.com\/wp-content\/uploads\/2026\/01\/flower-2562079_1920-1-300x169.jpg 300w, https:\/\/alexianeaudemars.com\/wp-content\/uploads\/2026\/01\/flower-2562079_1920-1-768x432.jpg 768w, https:\/\/alexianeaudemars.com\/wp-content\/uploads\/2026\/01\/flower-2562079_1920-1-1536x864.jpg 1536w, https:\/\/alexianeaudemars.com\/wp-content\/uploads\/2026\/01\/flower-2562079_1920-1.jpg 1920w\" sizes=\"auto, (max-width: 1024px) 100vw, 1024px\" \/><span aria-hidden=\"true\" class=\"wp-block-cover__background has-background-dim-30 has-background-dim\" style=\"background-color:#4a0a0a\"><\/span><div class=\"wp-block-cover__inner-container has-global-padding is-layout-constrained wp-container-core-cover-is-layout-ee51f2d2 wp-block-cover-is-layout-constrained\">\n<div class=\"wp-block-group alignwide is-vertical is-content-justification-center is-layout-flex wp-container-core-group-is-layout-5e763914 wp-block-group-is-layout-flex\" style=\"min-height:8rem\">\n<div class=\"wp-block-group has-global-padding is-layout-constrained wp-container-core-group-is-layout-bea02a06 wp-block-group-is-layout-constrained\">\n<h2 class=\"wp-block-heading has-text-align-center has-text-color\" style=\"color:#ffffff;margin-top:0rem;margin-bottom:1.01rem;font-size:clamp(1.352rem, 1.352rem + ((1vw - 0.2rem) * 1.542), 2.2rem);font-style:normal;font-weight:400;line-height:1;text-transform:capitalize\">Faire de la diff\u00e9rence une chance, et de votre quotidien un espace de s\u00e9r\u00e9nit\u00e9 partag\u00e9e. <\/h2>\n<\/div>\n<\/div>\n<\/div><\/div>\n","protected":false},"excerpt":{"rendered":"<p>Formulaire de contact Notre aventure commence ici ! Contacte-moi et ensemble, faisons la diff\u00e9rence.<\/p>\n","protected":false},"author":2,"featured_media":0,"parent":0,"menu_order":0,"comment_status":"closed","ping_status":"closed","template":"","meta":{"footnotes":""},"class_list":["post-20","page","type-page","status-publish","hentry"],"_links":{"self":[{"href":"https:\/\/alexianeaudemars.com\/index.php\/wp-json\/wp\/v2\/pages\/20","targetHints":{"allow":["GET"]}}],"collection":[{"href":"https:\/\/alexianeaudemars.com\/index.php\/wp-json\/wp\/v2\/pages"}],"about":[{"href":"https:\/\/alexianeaudemars.com\/index.php\/wp-json\/wp\/v2\/types\/page"}],"author":[{"embeddable":true,"href":"https:\/\/alexianeaudemars.com\/index.php\/wp-json\/wp\/v2\/users\/2"}],"replies":[{"embeddable":true,"href":"https:\/\/alexianeaudemars.com\/index.php\/wp-json\/wp\/v2\/comments?post=20"}],"version-history":[{"count":15,"href":"https:\/\/alexianeaudemars.com\/index.php\/wp-json\/wp\/v2\/pages\/20\/revisions"}],"predecessor-version":[{"id":247,"href":"https:\/\/alexianeaudemars.com\/index.php\/wp-json\/wp\/v2\/pages\/20\/revisions\/247"}],"wp:attachment":[{"href":"https:\/\/alexianeaudemars.com\/index.php\/wp-json\/wp\/v2\/media?parent=20"}],"curies":[{"name":"wp","href":"https:\/\/api.w.org\/{rel}","templated":true}]}}