{"id":16,"date":"2025-11-05T10:23:32","date_gmt":"2025-11-05T09:23:32","guid":{"rendered":"https:\/\/alexianeaudemars.com\/?page_id=16"},"modified":"2026-01-21T20:39:51","modified_gmt":"2026-01-21T19:39:51","slug":"a-propos","status":"publish","type":"page","link":"https:\/\/alexianeaudemars.com\/index.php\/a-propos\/","title":{"rendered":"A propos"},"content":{"rendered":"\n<div class=\"wp-block-cover alignfull\" style=\"margin-top:0;margin-bottom:0;padding-top:0px;padding-bottom:80px;min-height:300px;aspect-ratio:unset;\"><img loading=\"lazy\" decoding=\"async\" width=\"1024\" height=\"682\" class=\"wp-block-cover__image-background wp-image-65 size-large\" alt=\"\" src=\"https:\/\/alexianeaudemars.com\/wp-content\/uploads\/2025\/11\/pexels-mccutcheon-1449934-1-1024x682.jpg\" data-object-fit=\"cover\" srcset=\"https:\/\/alexianeaudemars.com\/wp-content\/uploads\/2025\/11\/pexels-mccutcheon-1449934-1-1024x682.jpg 1024w, https:\/\/alexianeaudemars.com\/wp-content\/uploads\/2025\/11\/pexels-mccutcheon-1449934-1-300x200.jpg 300w, https:\/\/alexianeaudemars.com\/wp-content\/uploads\/2025\/11\/pexels-mccutcheon-1449934-1-768x512.jpg 768w, https:\/\/alexianeaudemars.com\/wp-content\/uploads\/2025\/11\/pexels-mccutcheon-1449934-1.jpg 1280w\" sizes=\"auto, (max-width: 1024px) 100vw, 1024px\" \/><span aria-hidden=\"true\" class=\"wp-block-cover__background has-black-background-color has-background-dim-20 has-background-dim\"><\/span><div class=\"wp-block-cover__inner-container has-global-padding is-layout-constrained wp-container-core-cover-is-layout-d4c6b484 wp-block-cover-is-layout-constrained\">\n<div style=\"height:150px\" aria-hidden=\"true\" class=\"wp-block-spacer\"><\/div>\n\n\n\n<h1 class=\"wp-block-heading has-text-align-center has-text-color has-link-color has-suranna-font-family wp-elements-b19eb1b46e849ba0a64ef89bf04695ee\" style=\"color:#ffffff;font-size:clamp(38.682px, 2.418rem + ((1vw - 3.2px) * 3.786), 72px);font-style:normal;font-weight:500\">\u00c0 propos de moi<\/h1>\n<\/div><\/div>\n\n\n\n<section class=\"wp-block-group alignfull has-global-padding is-layout-constrained wp-container-core-group-is-layout-608bbd49 wp-block-group-is-layout-constrained\" style=\"margin-top:0px;padding-top:6rem;padding-right:1rem;padding-bottom:5rem;padding-left:1rem;font-size:clamp(0.875rem, 0.875rem + ((1vw - 0.2rem) * 0.464), 1.13rem);font-style:normal;font-weight:400;line-height:1.4\">\n<div class=\"wp-block-columns is-layout-flex wp-container-core-columns-is-layout-03ad6a19 wp-block-columns-is-layout-flex\" style=\"margin-bottom:0px\">\n<div class=\"wp-block-column is-vertically-aligned-center is-layout-flow wp-block-column-is-layout-flow\" style=\"flex-basis:50%\">\n<figure class=\"wp-block-image alignleft size-large has-custom-border\"><img loading=\"lazy\" decoding=\"async\" width=\"768\" height=\"1024\" src=\"https:\/\/alexianeaudemars.com\/wp-content\/uploads\/2026\/01\/moi-dehors-1-768x1024.jpg\" alt=\"\" class=\"wp-image-228\" style=\"border-radius:30px;aspect-ratio:1;object-fit:cover\" srcset=\"https:\/\/alexianeaudemars.com\/wp-content\/uploads\/2026\/01\/moi-dehors-1-768x1024.jpg 768w, https:\/\/alexianeaudemars.com\/wp-content\/uploads\/2026\/01\/moi-dehors-1-225x300.jpg 225w, https:\/\/alexianeaudemars.com\/wp-content\/uploads\/2026\/01\/moi-dehors-1-1152x1536.jpg 1152w, https:\/\/alexianeaudemars.com\/wp-content\/uploads\/2026\/01\/moi-dehors-1-1536x2048.jpg 1536w, https:\/\/alexianeaudemars.com\/wp-content\/uploads\/2026\/01\/moi-dehors-1-scaled.jpg 1920w\" sizes=\"auto, (max-width: 768px) 100vw, 768px\" \/><\/figure>\n<\/div>\n\n\n\n<div class=\"wp-block-column is-vertically-aligned-center has-global-padding is-layout-constrained wp-container-core-column-is-layout-c4a7d96a wp-block-column-is-layout-constrained\" style=\"flex-basis:50%\">\n<h3 class=\"wp-block-heading has-text-align-center has-text-color has-suranna-font-family\" style=\"color:#000000;margin-top:0.5rem;margin-bottom:0rem;font-size:clamp(24.034px, 1.502rem + ((1vw - 3.2px) * 1.814), 40px);font-style:normal;font-weight:500;letter-spacing:0px;line-height:1.3\">Accompagner avec le c\u0153ur et l&rsquo;exp\u00e9rience<\/h3>\n\n\n\n<p><\/p>\n\n\n\n<p class=\"has-text-align-left has-text-color has-pontano-sans-font-family\" style=\"color:#000000;margin-top:20px;margin-bottom:20px;font-size:clamp(14px, 0.875rem + ((1vw - 3.2px) * 0.455), 18px);font-style:normal;font-weight:400;line-height:1.5\">Maman de trois enfants et moi-m\u00eame concern\u00e9e par un <strong>TSA<\/strong> et un <strong>TDAH<\/strong>, j&rsquo;ai d\u00e9velopp\u00e9 une sensibilit\u00e9 unique qui me permet de comprendre intimement le monde des enfants neuroatypiques. Cette nature m&rsquo;offre un lien privil\u00e9gi\u00e9 avec eux : j&rsquo;arrive naturellement \u00e0 entrer dans leur \u00ab\u00a0bulle\u00a0\u00bb et \u00e0 d\u00e9coder leur syst\u00e8me de fonctionnement souvent invisible aux yeux des autres. Mon parcours professionnel vari\u00e9 m&rsquo;a permis d&rsquo;acqu\u00e9rir des <strong>outils concrets<\/strong> et des m\u00e9thodes adapt\u00e9es pour soutenir leur quotidien. C&rsquo;est cette combinaison de v\u00e9cu personnel et d&rsquo;expertise qui m&rsquo;anime aujourd&rsquo;hui. Je mets ma <strong>grande patience<\/strong> et ma capacit\u00e9 d&rsquo;\u00e9coute au service de chaque enfant pour l&rsquo;aider \u00e0 s&rsquo;\u00e9panouir \u00e0 son propre rythme. Ensemble, nous transformons leurs particularit\u00e9s en v\u00e9ritables forces pour naviguer sereinement dans le monde qui les entoure.<\/p>\n\n\n\n<hr class=\"wp-block-separator has-alpha-channel-opacity\"\/>\n\n\n\n<p class=\"has-text-align-left has-text-color has-pontano-sans-font-family\" style=\"color:#000000;margin-top:20px;margin-bottom:20px;font-size:clamp(14px, 0.875rem + ((1vw - 3.2px) * 0.455), 18px);font-style:normal;font-weight:400;line-height:1.5\"><\/p>\n<\/div>\n<\/div>\n<\/section>\n\n\n\n<div class=\"wp-block-cover alignfull is-light\" style=\"padding-top:6rem;padding-bottom:6rem\"><img loading=\"lazy\" decoding=\"async\" width=\"1024\" height=\"731\" class=\"wp-block-cover__image-background wp-image-307 size-large\" alt=\"\" src=\"https:\/\/alexianeaudemars.com\/wp-content\/uploads\/2026\/01\/feather-3010848_1920-1024x731.jpg\" data-object-fit=\"cover\" srcset=\"https:\/\/alexianeaudemars.com\/wp-content\/uploads\/2026\/01\/feather-3010848_1920-1024x731.jpg 1024w, https:\/\/alexianeaudemars.com\/wp-content\/uploads\/2026\/01\/feather-3010848_1920-300x214.jpg 300w, https:\/\/alexianeaudemars.com\/wp-content\/uploads\/2026\/01\/feather-3010848_1920-768x548.jpg 768w, https:\/\/alexianeaudemars.com\/wp-content\/uploads\/2026\/01\/feather-3010848_1920-1536x1097.jpg 1536w, https:\/\/alexianeaudemars.com\/wp-content\/uploads\/2026\/01\/feather-3010848_1920.jpg 1920w\" sizes=\"auto, (max-width: 1024px) 100vw, 1024px\" \/><span aria-hidden=\"true\" class=\"wp-block-cover__background has-background-dim-10 has-background-dim wp-block-cover__gradient-background has-background-gradient has-midnight-gradient-background\"><\/span><div class=\"wp-block-cover__inner-container has-global-padding is-layout-constrained wp-container-core-cover-is-layout-add8f735 wp-block-cover-is-layout-constrained\">\n<h2 class=\"wp-block-heading has-text-align-center has-text-color has-link-color has-suranna-font-family wp-elements-4bb03515d61f43fae5cc7bae286f32c7\" style=\"color:#000000;font-size:clamp(24.034px, 1.502rem + ((1vw - 3.2px) * 1.814), 40px);font-style:normal;font-weight:500;letter-spacing:1px\">Au-del\u00e0 des mots,  je comprends leur monde car c&rsquo;est aussi le mien. Je transforme ma propre diff\u00e9rence en accompagnement de coeur pour guider chaque enfant \u00e0 r\u00e9v\u00e9ler son plein potentiel. \u00bb<\/h2>\n<\/div><\/div>\n\n\n\n<section class=\"wp-block-group alignfull has-global-padding is-layout-constrained wp-container-core-group-is-layout-8202059b wp-block-group-is-layout-constrained\" style=\"margin-top:0px;padding-top:6rem;padding-right:1rem;padding-bottom:6rem;padding-left:1rem;font-size:clamp(0.875rem, 0.875rem + ((1vw - 0.2rem) * 0.464), 1.13rem);font-style:normal;font-weight:400;line-height:1.4\">\n<div class=\"wp-block-columns is-layout-flex wp-container-core-columns-is-layout-03ad6a19 wp-block-columns-is-layout-flex\" style=\"margin-bottom:0px\">\n<div class=\"wp-block-column is-vertically-aligned-center has-global-padding is-layout-constrained wp-container-core-column-is-layout-c4a7d96a wp-block-column-is-layout-constrained\" style=\"flex-basis:50%\">\n<h3 class=\"wp-block-heading has-text-align-left has-text-color has-suranna-font-family\" style=\"color:#010101;margin-top:0.5rem;margin-bottom:0rem;font-size:clamp(24.034px, 1.502rem + ((1vw - 3.2px) * 1.814), 40px);font-style:normal;font-weight:500;letter-spacing:0px;line-height:1.3\">Je ne fais pas qu&rsquo;accompagner leur diff\u00e9rence, je la vis<\/h3>\n\n\n\n<p class=\"has-text-align-left has-text-color has-pontano-sans-font-family\" style=\"color:#010101;margin-top:20px;margin-bottom:20px;font-size:clamp(14px, 0.875rem + ((1vw - 3.2px) * 0.455), 18px);font-style:normal;font-weight:400;line-height:1.5\">Moi-m\u00eame <strong>neuroatypique (TSA &amp; TDAH)<\/strong>, je ne me contente pas d&rsquo;accompagner les enfants : je me connecte \u00e0 eux. Ma propre neuroatypie est ma plus grande force pour entrer dans leur \u00ab\u00a0bulle\u00a0\u00bb et traduire leur syst\u00e8me de fonctionnement unique. Forte de mes exp\u00e9riences professionnelles, je transforme cette compr\u00e9hension intuitive en <strong>outils concrets<\/strong> et en un soutien quotidien. Mon objectif est d\u2019offrir \u00e0 chaque enfant un espace o\u00f9 il se sent pleinement compris, pour l&rsquo;aider \u00e0 s&rsquo;\u00e9panouir sereinement dans un monde qui ne lui ressemble pas toujours.<\/p>\n<\/div>\n\n\n\n<div class=\"wp-block-column is-vertically-aligned-center is-layout-flow wp-block-column-is-layout-flow\" style=\"flex-basis:50%\">\n<figure class=\"wp-block-image alignright size-full has-custom-border\"><img loading=\"lazy\" decoding=\"async\" width=\"1920\" height=\"1282\" src=\"https:\/\/alexianeaudemars.com\/wp-content\/uploads\/2025\/11\/paige-cody-FHFfHWWzbCc-unsplash-1.jpg\" alt=\"\" class=\"has-border-color has-tertiary-border-color wp-image-62\" style=\"border-width:1px;border-radius:30px;aspect-ratio:1;object-fit:cover\" srcset=\"https:\/\/alexianeaudemars.com\/wp-content\/uploads\/2025\/11\/paige-cody-FHFfHWWzbCc-unsplash-1.jpg 1920w, https:\/\/alexianeaudemars.com\/wp-content\/uploads\/2025\/11\/paige-cody-FHFfHWWzbCc-unsplash-1-300x200.jpg 300w, https:\/\/alexianeaudemars.com\/wp-content\/uploads\/2025\/11\/paige-cody-FHFfHWWzbCc-unsplash-1-1024x684.jpg 1024w, https:\/\/alexianeaudemars.com\/wp-content\/uploads\/2025\/11\/paige-cody-FHFfHWWzbCc-unsplash-1-768x513.jpg 768w, https:\/\/alexianeaudemars.com\/wp-content\/uploads\/2025\/11\/paige-cody-FHFfHWWzbCc-unsplash-1-1536x1026.jpg 1536w\" sizes=\"auto, (max-width: 1920px) 100vw, 1920px\" \/><\/figure>\n<\/div>\n<\/div>\n<\/section>\n\n\n\n<section class=\"wp-block-cover alignfull is-light\" style=\"margin-top:0px;padding-top:1.01rem;padding-bottom:1.01rem;min-height:430px;aspect-ratio:unset;\"><img loading=\"lazy\" decoding=\"async\" width=\"1024\" height=\"683\" class=\"wp-block-cover__image-background wp-image-63 size-large\" alt=\"\" src=\"https:\/\/alexianeaudemars.com\/wp-content\/uploads\/2025\/11\/patrick-fore-vHn0JnxFMP8-unsplash-1-1024x683.jpg\" style=\"object-position:46% 76%\" data-object-fit=\"cover\" data-object-position=\"46% 76%\" srcset=\"https:\/\/alexianeaudemars.com\/wp-content\/uploads\/2025\/11\/patrick-fore-vHn0JnxFMP8-unsplash-1-1024x683.jpg 1024w, https:\/\/alexianeaudemars.com\/wp-content\/uploads\/2025\/11\/patrick-fore-vHn0JnxFMP8-unsplash-1-300x200.jpg 300w, https:\/\/alexianeaudemars.com\/wp-content\/uploads\/2025\/11\/patrick-fore-vHn0JnxFMP8-unsplash-1-768x512.jpg 768w, https:\/\/alexianeaudemars.com\/wp-content\/uploads\/2025\/11\/patrick-fore-vHn0JnxFMP8-unsplash-1-1536x1024.jpg 1536w, https:\/\/alexianeaudemars.com\/wp-content\/uploads\/2025\/11\/patrick-fore-vHn0JnxFMP8-unsplash-1.jpg 1920w\" sizes=\"auto, (max-width: 1024px) 100vw, 1024px\" \/><span aria-hidden=\"true\" class=\"wp-block-cover__background has-background-dim-0 has-background-dim\" style=\"background-color:#edf1f2\"><\/span><div class=\"wp-block-cover__inner-container has-global-padding is-layout-constrained wp-container-core-cover-is-layout-b1bebcb3 wp-block-cover-is-layout-constrained\">\n<div class=\"wp-block-group has-text-color is-layout-flow wp-block-group-is-layout-flow\" style=\"color:#fffffd;margin-top:0px;padding-top:0rem;padding-right:1rem;padding-bottom:0rem;padding-left:1rem;font-size:clamp(0.875rem, 0.875rem + ((1vw - 0.2rem) * 0.464), 1.13rem);font-style:normal;font-weight:400;line-height:1.4\">\n<div class=\"wp-block-group has-global-padding is-layout-constrained wp-container-core-group-is-layout-bdbfdc43 wp-block-group-is-layout-constrained\">\n<p class=\"has-text-align-center has-text-color\" style=\"color:#fffffd;margin-bottom:0rem;font-size:clamp(1.507rem, 1.507rem + ((1vw - 0.2rem) * 1.824), 2.51rem);font-style:normal;font-weight:400;line-height:1.2\">Accompagner leur singularit\u00e9 et faire de leur diff\u00e9rence, une force.<\/p>\n<\/div>\n\n\n\n<div class=\"wp-block-group is-vertical is-content-justification-stretch is-layout-flex wp-container-core-group-is-layout-bfdebe91 wp-block-group-is-layout-flex\" style=\"margin-top:1.81rem;padding-right:0px;padding-left:0px\">\n<div class=\"wp-block-group has-global-padding is-content-justification-center is-layout-constrained wp-container-core-group-is-layout-2f0bcb29 wp-block-group-is-layout-constrained\" style=\"margin-top:0px\">\n<div class=\"wp-block-buttons is-horizontal is-content-justification-right is-layout-flex wp-container-core-buttons-is-layout-099266fd wp-block-buttons-is-layout-flex\" style=\"margin-top:0.51rem\"><\/div>\n<\/div>\n<\/div>\n<\/div>\n<\/div><\/section>\n\n\n\n<p><\/p>\n","protected":false},"excerpt":{"rendered":"<p>Accompagner avec le c\u0153ur et l&rsquo;exp\u00e9rience Maman de trois enfants et moi-m\u00eame concern\u00e9e par un TSA et un TDAH, j&rsquo;ai d\u00e9velopp\u00e9 une sensibilit\u00e9 unique qui me permet de comprendre intimement le monde des enfants neuroatypiques. Cette nature m&rsquo;offre un lien privil\u00e9gi\u00e9 avec eux : j&rsquo;arrive naturellement \u00e0 entrer dans leur \u00ab\u00a0bulle\u00a0\u00bb et \u00e0 d\u00e9coder leur [&hellip;]<\/p>\n","protected":false},"author":2,"featured_media":0,"parent":0,"menu_order":0,"comment_status":"closed","ping_status":"closed","template":"","meta":{"footnotes":""},"class_list":["post-16","page","type-page","status-publish","hentry"],"_links":{"self":[{"href":"https:\/\/alexianeaudemars.com\/index.php\/wp-json\/wp\/v2\/pages\/16","targetHints":{"allow":["GET"]}}],"collection":[{"href":"https:\/\/alexianeaudemars.com\/index.php\/wp-json\/wp\/v2\/pages"}],"about":[{"href":"https:\/\/alexianeaudemars.com\/index.php\/wp-json\/wp\/v2\/types\/page"}],"author":[{"embeddable":true,"href":"https:\/\/alexianeaudemars.com\/index.php\/wp-json\/wp\/v2\/users\/2"}],"replies":[{"embeddable":true,"href":"https:\/\/alexianeaudemars.com\/index.php\/wp-json\/wp\/v2\/comments?post=16"}],"version-history":[{"count":23,"href":"https:\/\/alexianeaudemars.com\/index.php\/wp-json\/wp\/v2\/pages\/16\/revisions"}],"predecessor-version":[{"id":318,"href":"https:\/\/alexianeaudemars.com\/index.php\/wp-json\/wp\/v2\/pages\/16\/revisions\/318"}],"wp:attachment":[{"href":"https:\/\/alexianeaudemars.com\/index.php\/wp-json\/wp\/v2\/media?parent=16"}],"curies":[{"name":"wp","href":"https:\/\/api.w.org\/{rel}","templated":true}]}}